{"id":96,"date":"2024-07-15T17:50:46","date_gmt":"2024-07-15T17:50:46","guid":{"rendered":"https:\/\/bhlc.etf.unsa.ba\/?page_id=96"},"modified":"2025-02-18T18:11:33","modified_gmt":"2025-02-18T18:11:33","slug":"bosanskohercegovacki-korpusi-na-drugim-platformama","status":"publish","type":"page","link":"https:\/\/bhnc.izj.unsa.ba\/en\/bosanskohercegovacki-korpusi-na-drugim-platformama\/","title":{"rendered":"Bosnian-Herzegovinian Corpora on Other Platforms"},"content":{"rendered":"<div data-elementor-type=\"wp-page\" data-elementor-id=\"96\" class=\"elementor elementor-96\">\n\t\t\t\t<div class=\"elementor-element elementor-element-64fdfd69 e-flex e-con-boxed e-con e-parent\" data-id=\"64fdfd69\" data-element_type=\"container\" data-e-type=\"container\">\n\t\t\t\t\t<div class=\"e-con-inner\">\n\t\t\t\t<div class=\"elementor-element elementor-element-6ef7fd32 elementor-widget elementor-widget-text-editor\" data-id=\"6ef7fd32\" data-element_type=\"widget\" data-e-type=\"widget\" data-widget_type=\"text-editor.default\">\n\t\t\t\t<div class=\"elementor-widget-container\">\n\t\t\t\t\t\t\t\t\t<p><\/p>\n<p style=\"background: linear-gradient(135deg, #1c9391 80%, #4363a4 70%); padding: 20px; color: white;\">Pragma-Semantically Annotated Corpus of Advertisements from Bosnia and Herzegovina and Germany: <a href=\"http:\/\/141.147.0.184:3000\/\">http:\/\/141.147.0.184:3000\/<\/a><\/p>\n<p style=\"background: linear-gradient(135deg, #1c9391 80%, #4363a4 70%); padding: 20px; color: white;\"><strong>Corpus of Bosnian Texts at the University of Oslo:<\/strong> <a href=\"http:\/\/www.tekstlab.uio.no\/Bosnian\/Korpus2.html\">http:\/\/www.tekstlab.uio.no\/Bosnian\/Korpus2.html<\/a><\/p>\n<p><\/p>\n    <p style=\"background: linear-gradient(135deg, #1c9391 80%, #4363a4 70%); padding: 20px; color: white;\">\n        <strong>Various Corpora of Bosnian Texts on Sketch Engine (Web Corpus, Wikipedia, Parliament, SMS):<\/strong>\n        <a href=\"https:\/\/www.clarin.si\/ske\/#open\">https:\/\/www.clarin.si\/ske\/#open<\/a>\n    <\/p>\n    <p><\/p>\t\t\t\t\t\t\t\t<\/div>\n\t\t\t\t<\/div>\n\t\t\t\t\t<\/div>\n\t\t\t\t<\/div>\n\t\t\t\t<\/div>","protected":false},"excerpt":{"rendered":"<p>Pragma-semanti\u010dki anotirani korpus reklama iz Bosne i Hercegovine i Njema\u010dke: http:\/\/141.147.0.184:3000\/ Korpus bosanskih tekstova na Univerzitetu u Oslu: http:\/\/www.tekstlab.uio.no\/Bosnian\/Korpus2.html Razli\u010diti korpusi bosanskih tekstova na Sketch Engine (Web korpus, Wikipedia, Parlament, SMS): https:\/\/www.clarin.si\/ske\/#open<\/p>","protected":false},"author":1,"featured_media":0,"parent":0,"menu_order":0,"comment_status":"closed","ping_status":"closed","template":"","meta":{"footnotes":""},"class_list":["post-96","page","type-page","status-publish","hentry","entry"],"yoast_head":"<!-- This site is optimized with the Yoast SEO plugin v27.5 - https:\/\/yoast.com\/product\/yoast-seo-wordpress\/ -->\n<title>Bosanskohercegova\u010dki korpusi na drugim platformama - Bosanskohercegova\u010dki nacionalni korpus<\/title>\n<meta name=\"robots\" content=\"index, follow, max-snippet:-1, max-image-preview:large, max-video-preview:-1\" \/>\n<link rel=\"canonical\" href=\"https:\/\/bhnc.izj.unsa.ba\/en\/bosanskohercegovacki-korpusi-na-drugim-platformama\/\" \/>\n<meta property=\"og:locale\" content=\"en_GB\" \/>\n<meta property=\"og:type\" content=\"article\" \/>\n<meta property=\"og:title\" content=\"Bosanskohercegova\u010dki korpusi na drugim platformama - Bosanskohercegova\u010dki nacionalni korpus\" \/>\n<meta property=\"og:description\" content=\"Pragma-semanti\u010dki anotirani korpus reklama iz Bosne i Hercegovine i Njema\u010dke: http:\/\/141.147.0.184:3000\/ Korpus bosanskih tekstova na Univerzitetu u Oslu: http:\/\/www.tekstlab.uio.no\/Bosnian\/Korpus2.html Razli\u010diti korpusi bosanskih tekstova na Sketch Engine (Web korpus, Wikipedia, Parlament, SMS): https:\/\/www.clarin.si\/ske\/#open\" \/>\n<meta property=\"og:url\" content=\"https:\/\/bhnc.izj.unsa.ba\/en\/bosanskohercegovacki-korpusi-na-drugim-platformama\/\" \/>\n<meta property=\"og:site_name\" content=\"Bosanskohercegova\u010dki nacionalni korpus\" \/>\n<meta property=\"article:modified_time\" content=\"2025-02-18T18:11:33+00:00\" \/>\n<meta name=\"twitter:card\" content=\"summary_large_image\" \/>\n<script type=\"application\/ld+json\" class=\"yoast-schema-graph\">{\"@context\":\"https:\\\/\\\/schema.org\",\"@graph\":[{\"@type\":\"WebPage\",\"@id\":\"https:\\\/\\\/bhnc.izj.unsa.ba\\\/bosanskohercegovacki-korpusi-na-drugim-platformama\\\/\",\"url\":\"https:\\\/\\\/bhnc.izj.unsa.ba\\\/bosanskohercegovacki-korpusi-na-drugim-platformama\\\/\",\"name\":\"Bosanskohercegova\u010dki korpusi na drugim platformama - Bosanskohercegova\u010dki nacionalni korpus\",\"isPartOf\":{\"@id\":\"https:\\\/\\\/bhnc.izj.unsa.ba\\\/#website\"},\"datePublished\":\"2024-07-15T17:50:46+00:00\",\"dateModified\":\"2025-02-18T18:11:33+00:00\",\"breadcrumb\":{\"@id\":\"https:\\\/\\\/bhnc.izj.unsa.ba\\\/bosanskohercegovacki-korpusi-na-drugim-platformama\\\/#breadcrumb\"},\"inLanguage\":\"en-GB\",\"potentialAction\":[{\"@type\":\"ReadAction\",\"target\":[\"https:\\\/\\\/bhnc.izj.unsa.ba\\\/bosanskohercegovacki-korpusi-na-drugim-platformama\\\/\"]}]},{\"@type\":\"BreadcrumbList\",\"@id\":\"https:\\\/\\\/bhnc.izj.unsa.ba\\\/bosanskohercegovacki-korpusi-na-drugim-platformama\\\/#breadcrumb\",\"itemListElement\":[{\"@type\":\"ListItem\",\"position\":1,\"name\":\"Home\",\"item\":\"https:\\\/\\\/bhnc.izj.unsa.ba\\\/\"},{\"@type\":\"ListItem\",\"position\":2,\"name\":\"Bosanskohercegova\u010dki korpusi na drugim platformama\"}]},{\"@type\":\"WebSite\",\"@id\":\"https:\\\/\\\/bhnc.izj.unsa.ba\\\/#website\",\"url\":\"https:\\\/\\\/bhnc.izj.unsa.ba\\\/\",\"name\":\"Bosanskohercegova\u010dki nacionalni korpus\",\"description\":\"BHNC\",\"publisher\":{\"@id\":\"https:\\\/\\\/bhnc.izj.unsa.ba\\\/#organization\"},\"potentialAction\":[{\"@type\":\"SearchAction\",\"target\":{\"@type\":\"EntryPoint\",\"urlTemplate\":\"https:\\\/\\\/bhnc.izj.unsa.ba\\\/?s={search_term_string}\"},\"query-input\":{\"@type\":\"PropertyValueSpecification\",\"valueRequired\":true,\"valueName\":\"search_term_string\"}}],\"inLanguage\":\"en-GB\"},{\"@type\":\"Organization\",\"@id\":\"https:\\\/\\\/bhnc.izj.unsa.ba\\\/#organization\",\"name\":\"Bosanskohercegova\u010dki nacionalni korpus\",\"url\":\"https:\\\/\\\/bhnc.izj.unsa.ba\\\/\",\"logo\":{\"@type\":\"ImageObject\",\"inLanguage\":\"en-GB\",\"@id\":\"https:\\\/\\\/bhnc.izj.unsa.ba\\\/#\\\/schema\\\/logo\\\/image\\\/\",\"url\":\"https:\\\/\\\/bhnc.izj.unsa.ba\\\/wp-content\\\/uploads\\\/2024\\\/12\\\/cropped-BHNC_Logo_with_text.png\",\"contentUrl\":\"https:\\\/\\\/bhnc.izj.unsa.ba\\\/wp-content\\\/uploads\\\/2024\\\/12\\\/cropped-BHNC_Logo_with_text.png\",\"width\":1576,\"height\":512,\"caption\":\"Bosanskohercegova\u010dki nacionalni korpus\"},\"image\":{\"@id\":\"https:\\\/\\\/bhnc.izj.unsa.ba\\\/#\\\/schema\\\/logo\\\/image\\\/\"}}]}<\/script>\n<!-- \/ Yoast SEO plugin. -->","yoast_head_json":{"title":"Bosanskohercegova\u010dki korpusi na drugim platformama - Bosanskohercegova\u010dki nacionalni korpus","robots":{"index":"index","follow":"follow","max-snippet":"max-snippet:-1","max-image-preview":"max-image-preview:large","max-video-preview":"max-video-preview:-1"},"canonical":"https:\/\/bhnc.izj.unsa.ba\/en\/bosanskohercegovacki-korpusi-na-drugim-platformama\/","og_locale":"en_GB","og_type":"article","og_title":"Bosanskohercegova\u010dki korpusi na drugim platformama - Bosanskohercegova\u010dki nacionalni korpus","og_description":"Pragma-semanti\u010dki anotirani korpus reklama iz Bosne i Hercegovine i Njema\u010dke: http:\/\/141.147.0.184:3000\/ Korpus bosanskih tekstova na Univerzitetu u Oslu: http:\/\/www.tekstlab.uio.no\/Bosnian\/Korpus2.html Razli\u010diti korpusi bosanskih tekstova na Sketch Engine (Web korpus, Wikipedia, Parlament, SMS): https:\/\/www.clarin.si\/ske\/#open","og_url":"https:\/\/bhnc.izj.unsa.ba\/en\/bosanskohercegovacki-korpusi-na-drugim-platformama\/","og_site_name":"Bosanskohercegova\u010dki nacionalni korpus","article_modified_time":"2025-02-18T18:11:33+00:00","twitter_card":"summary_large_image","schema":{"@context":"https:\/\/schema.org","@graph":[{"@type":"WebPage","@id":"https:\/\/bhnc.izj.unsa.ba\/bosanskohercegovacki-korpusi-na-drugim-platformama\/","url":"https:\/\/bhnc.izj.unsa.ba\/bosanskohercegovacki-korpusi-na-drugim-platformama\/","name":"Bosanskohercegova\u010dki korpusi na drugim platformama - Bosanskohercegova\u010dki nacionalni korpus","isPartOf":{"@id":"https:\/\/bhnc.izj.unsa.ba\/#website"},"datePublished":"2024-07-15T17:50:46+00:00","dateModified":"2025-02-18T18:11:33+00:00","breadcrumb":{"@id":"https:\/\/bhnc.izj.unsa.ba\/bosanskohercegovacki-korpusi-na-drugim-platformama\/#breadcrumb"},"inLanguage":"en-GB","potentialAction":[{"@type":"ReadAction","target":["https:\/\/bhnc.izj.unsa.ba\/bosanskohercegovacki-korpusi-na-drugim-platformama\/"]}]},{"@type":"BreadcrumbList","@id":"https:\/\/bhnc.izj.unsa.ba\/bosanskohercegovacki-korpusi-na-drugim-platformama\/#breadcrumb","itemListElement":[{"@type":"ListItem","position":1,"name":"Home","item":"https:\/\/bhnc.izj.unsa.ba\/"},{"@type":"ListItem","position":2,"name":"Bosanskohercegova\u010dki korpusi na drugim platformama"}]},{"@type":"WebSite","@id":"https:\/\/bhnc.izj.unsa.ba\/#website","url":"https:\/\/bhnc.izj.unsa.ba\/","name":"Bosnian-Herzegovinian National Corpus","description":"BHNC","publisher":{"@id":"https:\/\/bhnc.izj.unsa.ba\/#organization"},"potentialAction":[{"@type":"SearchAction","target":{"@type":"EntryPoint","urlTemplate":"https:\/\/bhnc.izj.unsa.ba\/?s={search_term_string}"},"query-input":{"@type":"PropertyValueSpecification","valueRequired":true,"valueName":"search_term_string"}}],"inLanguage":"en-GB"},{"@type":"Organization","@id":"https:\/\/bhnc.izj.unsa.ba\/#organization","name":"Bosnian-Herzegovinian National Corpus","url":"https:\/\/bhnc.izj.unsa.ba\/","logo":{"@type":"ImageObject","inLanguage":"en-GB","@id":"https:\/\/bhnc.izj.unsa.ba\/#\/schema\/logo\/image\/","url":"https:\/\/bhnc.izj.unsa.ba\/wp-content\/uploads\/2024\/12\/cropped-BHNC_Logo_with_text.png","contentUrl":"https:\/\/bhnc.izj.unsa.ba\/wp-content\/uploads\/2024\/12\/cropped-BHNC_Logo_with_text.png","width":1576,"height":512,"caption":"Bosanskohercegova\u010dki nacionalni korpus"},"image":{"@id":"https:\/\/bhnc.izj.unsa.ba\/#\/schema\/logo\/image\/"}}]}},"rttpg_featured_image_url":null,"rttpg_author":{"display_name":"admin","author_link":"https:\/\/bhnc.izj.unsa.ba\/en\/author\/admin\/"},"rttpg_comment":0,"rttpg_category":null,"rttpg_excerpt":"Pragma-semanti\u010dki anotirani korpus reklama iz Bosne i Hercegovine i Njema\u010dke: http:\/\/141.147.0.184:3000\/ Korpus bosanskih tekstova na Univerzitetu u Oslu: http:\/\/www.tekstlab.uio.no\/Bosnian\/Korpus2.html Razli\u010diti korpusi bosanskih tekstova na Sketch Engine (Web korpus, Wikipedia, Parlament, SMS): https:\/\/www.clarin.si\/ske\/#open","_links":{"self":[{"href":"https:\/\/bhnc.izj.unsa.ba\/en\/wp-json\/wp\/v2\/pages\/96","targetHints":{"allow":["GET"]}}],"collection":[{"href":"https:\/\/bhnc.izj.unsa.ba\/en\/wp-json\/wp\/v2\/pages"}],"about":[{"href":"https:\/\/bhnc.izj.unsa.ba\/en\/wp-json\/wp\/v2\/types\/page"}],"author":[{"embeddable":true,"href":"https:\/\/bhnc.izj.unsa.ba\/en\/wp-json\/wp\/v2\/users\/1"}],"replies":[{"embeddable":true,"href":"https:\/\/bhnc.izj.unsa.ba\/en\/wp-json\/wp\/v2\/comments?post=96"}],"version-history":[{"count":9,"href":"https:\/\/bhnc.izj.unsa.ba\/en\/wp-json\/wp\/v2\/pages\/96\/revisions"}],"predecessor-version":[{"id":1064,"href":"https:\/\/bhnc.izj.unsa.ba\/en\/wp-json\/wp\/v2\/pages\/96\/revisions\/1064"}],"wp:attachment":[{"href":"https:\/\/bhnc.izj.unsa.ba\/en\/wp-json\/wp\/v2\/media?parent=96"}],"curies":[{"name":"wp","href":"https:\/\/api.w.org\/{rel}","templated":true}]}}