{"id":1188,"date":"2025-02-19T18:54:40","date_gmt":"2025-02-19T18:54:40","guid":{"rendered":"https:\/\/bhnc.izj.unsa.ba\/?page_id=1188"},"modified":"2025-02-19T21:19:05","modified_gmt":"2025-02-19T21:19:05","slug":"prijava-gresaka","status":"publish","type":"page","link":"https:\/\/bhnc.izj.unsa.ba\/en\/prijava-gresaka\/","title":{"rendered":"Error reporting"},"content":{"rendered":"\t\t<div data-elementor-type=\"wp-page\" data-elementor-id=\"1188\" class=\"elementor elementor-1188\">\n\t\t\t\t<div class=\"elementor-element elementor-element-ec9b38a e-flex e-con-boxed e-con e-parent\" data-id=\"ec9b38a\" data-element_type=\"container\" data-e-type=\"container\">\n\t\t\t\t\t<div class=\"e-con-inner\">\n\t\t\t\t<div class=\"elementor-element elementor-element-a47e1bd elementor-widget elementor-widget-wpforms\" data-id=\"a47e1bd\" data-element_type=\"widget\" data-e-type=\"widget\" data-widget_type=\"wpforms.default\">\n\t\t\t\t<div class=\"elementor-widget-container\">\n\t\t\t\t\t<style id=\"wpforms-css-vars-elementor-widget-a47e1bd\">\n\t\t\t\t.elementor-widget-wpforms.elementor-element-a47e1bd {\n\t\t\t\t--wpforms-field-background-color: #FFFFFF;\n--wpforms-field-border-color: #BA762A;\n--wpforms-field-border-color-spare: #BA762A;\n--wpforms-button-background-color: #1C9391;\n\t\t\t}\n\t\t\t<\/style><div class=\"wpforms-container wpforms-container-full wpforms-render-modern\" id=\"wpforms-1185\"><form id=\"wpforms-form-1185\" class=\"wpforms-validate wpforms-form wpforms-ajax-form\" data-formid=\"1185\" method=\"post\" enctype=\"multipart\/form-data\" action=\"\/en\/wp-json\/wp\/v2\/pages\/1188\" data-token=\"bb8710f2c2c5522db3802cf0abfd3992\" data-token-time=\"1775300173\"><noscript class=\"wpforms-error-noscript\">Please enable JavaScript in your browser to complete this form.<\/noscript><div id=\"wpforms-error-noscript\" style=\"display: none;\">Please enable JavaScript in your browser to complete this form.<\/div><div class=\"wpforms-field-container\"><div id=\"wpforms-1185-field_5-container\" class=\"wpforms-field wpforms-field-name\" data-field-id=\"5\"><fieldset><legend class=\"wpforms-field-label\">Ime i Prezime <span class=\"wpforms-required-label\" aria-hidden=\"true\">*<\/span><\/legend><div class=\"wpforms-field-row wpforms-field-medium\"><div class=\"wpforms-field-row-block wpforms-first wpforms-one-half\"><input type=\"text\" id=\"wpforms-1185-field_5\" class=\"wpforms-field-name-first wpforms-field-required\" name=\"wpforms[fields][5][first]\" aria-errormessage=\"wpforms-1185-field_5-error\" required><label for=\"wpforms-1185-field_5\" class=\"wpforms-field-sublabel after\">First<\/label><\/div><div class=\"wpforms-field-row-block wpforms-one-half\"><input type=\"text\" id=\"wpforms-1185-field_5-last\" class=\"wpforms-field-name-last wpforms-field-required\" name=\"wpforms[fields][5][last]\" aria-errormessage=\"wpforms-1185-field_5-last-error\" required><label for=\"wpforms-1185-field_5-last\" class=\"wpforms-field-sublabel after\">Last<\/label><\/div><\/div><\/fieldset><\/div><div id=\"wpforms-1185-field_6-container\" class=\"wpforms-field wpforms-field-email\" data-field-id=\"6\"><label class=\"wpforms-field-label\" for=\"wpforms-1185-field_6\">Email <span class=\"wpforms-required-label\" aria-hidden=\"true\">*<\/span><\/label><input type=\"email\" id=\"wpforms-1185-field_6\" class=\"wpforms-field-medium wpforms-field-required\" name=\"wpforms[fields][6]\" spellcheck=\"false\" aria-errormessage=\"wpforms-1185-field_6-error\" required><\/div><div id=\"wpforms-1185-field_7-container\" class=\"wpforms-field wpforms-field-text\" data-field-id=\"7\"><label class=\"wpforms-field-label\" for=\"wpforms-1185-field_7\">Novine <span class=\"wpforms-required-label\" aria-hidden=\"true\">*<\/span><\/label><input type=\"text\" id=\"wpforms-1185-field_7\" class=\"wpforms-field-medium wpforms-field-required\" name=\"wpforms[fields][7]\" aria-errormessage=\"wpforms-1185-field_7-error\" required><\/div><div id=\"wpforms-1185-field_10-container\" class=\"wpforms-field wpforms-field-text\" data-field-id=\"10\"><label class=\"wpforms-field-label\" for=\"wpforms-1185-field_10\">Datum<\/label><input type=\"text\" id=\"wpforms-1185-field_10\" class=\"wpforms-field-medium\" name=\"wpforms[fields][10]\" aria-errormessage=\"wpforms-1185-field_10-error\" ><\/div><div id=\"wpforms-1185-field_9-container\" class=\"wpforms-field wpforms-field-number\" data-field-id=\"9\"><label class=\"wpforms-field-label\" for=\"wpforms-1185-field_9\">Stranica<\/label><input type=\"number\" id=\"wpforms-1185-field_9\" class=\"wpforms-field-medium\" name=\"wpforms[fields][9]\" step=\"any\" aria-errormessage=\"wpforms-1185-field_9-error\" ><\/div><div id=\"wpforms-1185-field_12-container\" class=\"wpforms-field wpforms-field-text\" data-field-id=\"12\"><label class=\"wpforms-field-label\" for=\"wpforms-1185-field_12\">Re\u010denica u kojoj se gre\u0161ka nalazi<\/label><input type=\"text\" id=\"wpforms-1185-field_12\" class=\"wpforms-field-medium\" name=\"wpforms[fields][12]\" aria-errormessage=\"wpforms-1185-field_12-error\" aria-describedby=\"wpforms-1185-field_12-description\" ><div id=\"wpforms-1185-field_12-description\" class=\"wpforms-field-description\">Molimo Vas da unesete re\u010denicu u kojoj se nalazi gre\u0161ka koju ste identificirali.<\/div><\/div>\t\t<div id=\"wpforms-1185-field_1-container\"\n\t\t\tclass=\"wpforms-field wpforms-field-text\"\n\t\t\tdata-field-type=\"text\"\n\t\t\tdata-field-id=\"1\"\n\t\t\t>\n\t\t\t<label class=\"wpforms-field-label\" for=\"wpforms-1185-field_1\" >Opis se Novine<\/label>\n\t\t\t<input type=\"text\" id=\"wpforms-1185-field_1\" class=\"wpforms-field-medium\" name=\"wpforms[fields][1]\" >\n\t\t<\/div>\n\t\t<div id=\"wpforms-1185-field_11-container\" class=\"wpforms-field wpforms-field-textarea\" data-field-id=\"11\"><label class=\"wpforms-field-label\" for=\"wpforms-1185-field_11\">Opis gre\u0161ke <span class=\"wpforms-required-label\" aria-hidden=\"true\">*<\/span><\/label><textarea id=\"wpforms-1185-field_11\" class=\"wpforms-field-medium wpforms-field-required\" name=\"wpforms[fields][11]\" aria-errormessage=\"wpforms-1185-field_11-error\" required><\/textarea><\/div><script>\n\t\t\t\t( function() {\n\t\t\t\t\tconst style = document.createElement( 'style' );\n\t\t\t\t\tstyle.appendChild( document.createTextNode( '#wpforms-1185-field_1-container { position: absolute !important; overflow: hidden !important; display: inline !important; height: 1px !important; width: 1px !important; z-index: -1000 !important; padding: 0 !important; } #wpforms-1185-field_1-container input { visibility: hidden; } #wpforms-conversational-form-page #wpforms-1185-field_1-container label { counter-increment: none; }' ) );\n\t\t\t\t\tdocument.head.appendChild( style );\n\t\t\t\t\tdocument.currentScript?.remove();\n\t\t\t\t} )();\n\t\t\t<\/script><\/div><!-- .wpforms-field-container --><div class=\"wpforms-submit-container\" ><input type=\"hidden\" name=\"wpforms[id]\" value=\"1185\"><input type=\"hidden\" name=\"page_title\" value=\"\"><input type=\"hidden\" name=\"page_url\" value=\"https:\/\/bhnc.izj.unsa.ba\/en\/wp-json\/wp\/v2\/pages\/1188\"><input type=\"hidden\" name=\"url_referer\" value=\"\"><button type=\"submit\" name=\"wpforms[submit]\" id=\"wpforms-submit-1185\" class=\"wpforms-submit custom-submit-button  background-color 1c9391 \" data-alt-text=\"Slanje u toku..\" data-submit-text=\"Po\u0161alji\" aria-live=\"assertive\" value=\"wpforms-submit\">Po\u0161alji<\/button><img decoding=\"async\" src=\"https:\/\/bhnc.izj.unsa.ba\/wp-content\/plugins\/wpforms-lite\/assets\/images\/submit-spin.svg\" class=\"wpforms-submit-spinner\" style=\"display: none;\" width=\"26\" height=\"26\" alt=\"Loading\"><\/div><\/form><\/div>  <!-- .wpforms-container -->\t\t\t\t<\/div>\n\t\t\t\t<\/div>\n\t\t\t\t\t<\/div>\n\t\t\t\t<\/div>\n\t\t\t\t<\/div>\n\t\t","protected":false},"excerpt":{"rendered":"<p>Please enable JavaScript in your browser to complete this form.Please enable JavaScript in your browser to complete this form. Ime i Prezime * FirstLast Email *Novine *DatumStranicaRe\u010denica u kojoj se gre\u0161ka nalaziMolimo Vas da unesete re\u010denicu u kojoj se nalazi gre\u0161ka koju ste identificirali.Opis gre\u0161ke * Po\u0161alji<\/p>","protected":false},"author":3,"featured_media":0,"parent":0,"menu_order":0,"comment_status":"closed","ping_status":"closed","template":"","meta":{"footnotes":""},"class_list":["post-1188","page","type-page","status-publish","hentry","entry"],"yoast_head":"<!-- This site is optimized with the Yoast SEO plugin v27.3 - https:\/\/yoast.com\/product\/yoast-seo-wordpress\/ -->\n<title>Prijava gre\u0161aka - Bosanskohercegova\u010dki nacionalni korpus<\/title>\n<meta name=\"robots\" content=\"index, follow, max-snippet:-1, max-image-preview:large, max-video-preview:-1\" \/>\n<link rel=\"canonical\" href=\"https:\/\/bhnc.izj.unsa.ba\/en\/prijava-gresaka\/\" \/>\n<meta property=\"og:locale\" content=\"en_GB\" \/>\n<meta property=\"og:type\" content=\"article\" \/>\n<meta property=\"og:title\" content=\"Prijava gre\u0161aka - Bosanskohercegova\u010dki nacionalni korpus\" \/>\n<meta property=\"og:description\" content=\"Please enable JavaScript in your browser to complete this form.Please enable JavaScript in your browser to complete this form. Ime i Prezime * FirstLast Email *Novine *DatumStranicaRe\u010denica u kojoj se gre\u0161ka nalaziMolimo Vas da unesete re\u010denicu u kojoj se nalazi gre\u0161ka koju ste identificirali.Opis gre\u0161ke * Po\u0161alji\" \/>\n<meta property=\"og:url\" content=\"https:\/\/bhnc.izj.unsa.ba\/en\/prijava-gresaka\/\" \/>\n<meta property=\"og:site_name\" content=\"Bosanskohercegova\u010dki nacionalni korpus\" \/>\n<meta property=\"article:modified_time\" content=\"2025-02-19T21:19:05+00:00\" \/>\n<meta property=\"og:image\" content=\"https:\/\/bhnc.izj.unsa.ba\/wp-content\/plugins\/wpforms-lite\/assets\/images\/submit-spin.svg\" \/>\n<meta name=\"twitter:card\" content=\"summary_large_image\" \/>\n<script type=\"application\/ld+json\" class=\"yoast-schema-graph\">{\"@context\":\"https:\\\/\\\/schema.org\",\"@graph\":[{\"@type\":\"WebPage\",\"@id\":\"https:\\\/\\\/bhnc.izj.unsa.ba\\\/prijava-gresaka\\\/\",\"url\":\"https:\\\/\\\/bhnc.izj.unsa.ba\\\/prijava-gresaka\\\/\",\"name\":\"Prijava gre\u0161aka - Bosanskohercegova\u010dki nacionalni korpus\",\"isPartOf\":{\"@id\":\"https:\\\/\\\/bhnc.izj.unsa.ba\\\/#website\"},\"primaryImageOfPage\":{\"@id\":\"https:\\\/\\\/bhnc.izj.unsa.ba\\\/prijava-gresaka\\\/#primaryimage\"},\"image\":{\"@id\":\"https:\\\/\\\/bhnc.izj.unsa.ba\\\/prijava-gresaka\\\/#primaryimage\"},\"thumbnailUrl\":\"https:\\\/\\\/bhnc.izj.unsa.ba\\\/wp-content\\\/plugins\\\/wpforms-lite\\\/assets\\\/images\\\/submit-spin.svg\",\"datePublished\":\"2025-02-19T18:54:40+00:00\",\"dateModified\":\"2025-02-19T21:19:05+00:00\",\"breadcrumb\":{\"@id\":\"https:\\\/\\\/bhnc.izj.unsa.ba\\\/prijava-gresaka\\\/#breadcrumb\"},\"inLanguage\":\"en-GB\",\"potentialAction\":[{\"@type\":\"ReadAction\",\"target\":[\"https:\\\/\\\/bhnc.izj.unsa.ba\\\/prijava-gresaka\\\/\"]}]},{\"@type\":\"ImageObject\",\"inLanguage\":\"en-GB\",\"@id\":\"https:\\\/\\\/bhnc.izj.unsa.ba\\\/prijava-gresaka\\\/#primaryimage\",\"url\":\"https:\\\/\\\/bhnc.izj.unsa.ba\\\/wp-content\\\/plugins\\\/wpforms-lite\\\/assets\\\/images\\\/submit-spin.svg\",\"contentUrl\":\"https:\\\/\\\/bhnc.izj.unsa.ba\\\/wp-content\\\/plugins\\\/wpforms-lite\\\/assets\\\/images\\\/submit-spin.svg\"},{\"@type\":\"BreadcrumbList\",\"@id\":\"https:\\\/\\\/bhnc.izj.unsa.ba\\\/prijava-gresaka\\\/#breadcrumb\",\"itemListElement\":[{\"@type\":\"ListItem\",\"position\":1,\"name\":\"Home\",\"item\":\"https:\\\/\\\/bhnc.izj.unsa.ba\\\/\"},{\"@type\":\"ListItem\",\"position\":2,\"name\":\"Prijava gre\u0161aka\"}]},{\"@type\":\"WebSite\",\"@id\":\"https:\\\/\\\/bhnc.izj.unsa.ba\\\/#website\",\"url\":\"https:\\\/\\\/bhnc.izj.unsa.ba\\\/\",\"name\":\"Bosanskohercegova\u010dki nacionalni korpus\",\"description\":\"BHNC\",\"publisher\":{\"@id\":\"https:\\\/\\\/bhnc.izj.unsa.ba\\\/#organization\"},\"potentialAction\":[{\"@type\":\"SearchAction\",\"target\":{\"@type\":\"EntryPoint\",\"urlTemplate\":\"https:\\\/\\\/bhnc.izj.unsa.ba\\\/?s={search_term_string}\"},\"query-input\":{\"@type\":\"PropertyValueSpecification\",\"valueRequired\":true,\"valueName\":\"search_term_string\"}}],\"inLanguage\":\"en-GB\"},{\"@type\":\"Organization\",\"@id\":\"https:\\\/\\\/bhnc.izj.unsa.ba\\\/#organization\",\"name\":\"Bosanskohercegova\u010dki nacionalni korpus\",\"url\":\"https:\\\/\\\/bhnc.izj.unsa.ba\\\/\",\"logo\":{\"@type\":\"ImageObject\",\"inLanguage\":\"en-GB\",\"@id\":\"https:\\\/\\\/bhnc.izj.unsa.ba\\\/#\\\/schema\\\/logo\\\/image\\\/\",\"url\":\"https:\\\/\\\/bhnc.izj.unsa.ba\\\/wp-content\\\/uploads\\\/2024\\\/12\\\/cropped-BHNC_Logo_with_text.png\",\"contentUrl\":\"https:\\\/\\\/bhnc.izj.unsa.ba\\\/wp-content\\\/uploads\\\/2024\\\/12\\\/cropped-BHNC_Logo_with_text.png\",\"width\":1576,\"height\":512,\"caption\":\"Bosanskohercegova\u010dki nacionalni korpus\"},\"image\":{\"@id\":\"https:\\\/\\\/bhnc.izj.unsa.ba\\\/#\\\/schema\\\/logo\\\/image\\\/\"}}]}<\/script>\n<!-- \/ Yoast SEO plugin. -->","yoast_head_json":{"title":"Prijava gre\u0161aka - Bosanskohercegova\u010dki nacionalni korpus","robots":{"index":"index","follow":"follow","max-snippet":"max-snippet:-1","max-image-preview":"max-image-preview:large","max-video-preview":"max-video-preview:-1"},"canonical":"https:\/\/bhnc.izj.unsa.ba\/en\/prijava-gresaka\/","og_locale":"en_GB","og_type":"article","og_title":"Prijava gre\u0161aka - Bosanskohercegova\u010dki nacionalni korpus","og_description":"Please enable JavaScript in your browser to complete this form.Please enable JavaScript in your browser to complete this form. Ime i Prezime * FirstLast Email *Novine *DatumStranicaRe\u010denica u kojoj se gre\u0161ka nalaziMolimo Vas da unesete re\u010denicu u kojoj se nalazi gre\u0161ka koju ste identificirali.Opis gre\u0161ke * Po\u0161alji","og_url":"https:\/\/bhnc.izj.unsa.ba\/en\/prijava-gresaka\/","og_site_name":"Bosanskohercegova\u010dki nacionalni korpus","article_modified_time":"2025-02-19T21:19:05+00:00","og_image":[{"url":"https:\/\/bhnc.izj.unsa.ba\/wp-content\/plugins\/wpforms-lite\/assets\/images\/submit-spin.svg","type":"","width":"","height":""}],"twitter_card":"summary_large_image","schema":{"@context":"https:\/\/schema.org","@graph":[{"@type":"WebPage","@id":"https:\/\/bhnc.izj.unsa.ba\/prijava-gresaka\/","url":"https:\/\/bhnc.izj.unsa.ba\/prijava-gresaka\/","name":"Prijava gre\u0161aka - Bosanskohercegova\u010dki nacionalni korpus","isPartOf":{"@id":"https:\/\/bhnc.izj.unsa.ba\/#website"},"primaryImageOfPage":{"@id":"https:\/\/bhnc.izj.unsa.ba\/prijava-gresaka\/#primaryimage"},"image":{"@id":"https:\/\/bhnc.izj.unsa.ba\/prijava-gresaka\/#primaryimage"},"thumbnailUrl":"https:\/\/bhnc.izj.unsa.ba\/wp-content\/plugins\/wpforms-lite\/assets\/images\/submit-spin.svg","datePublished":"2025-02-19T18:54:40+00:00","dateModified":"2025-02-19T21:19:05+00:00","breadcrumb":{"@id":"https:\/\/bhnc.izj.unsa.ba\/prijava-gresaka\/#breadcrumb"},"inLanguage":"en-GB","potentialAction":[{"@type":"ReadAction","target":["https:\/\/bhnc.izj.unsa.ba\/prijava-gresaka\/"]}]},{"@type":"ImageObject","inLanguage":"en-GB","@id":"https:\/\/bhnc.izj.unsa.ba\/prijava-gresaka\/#primaryimage","url":"https:\/\/bhnc.izj.unsa.ba\/wp-content\/plugins\/wpforms-lite\/assets\/images\/submit-spin.svg","contentUrl":"https:\/\/bhnc.izj.unsa.ba\/wp-content\/plugins\/wpforms-lite\/assets\/images\/submit-spin.svg"},{"@type":"BreadcrumbList","@id":"https:\/\/bhnc.izj.unsa.ba\/prijava-gresaka\/#breadcrumb","itemListElement":[{"@type":"ListItem","position":1,"name":"Home","item":"https:\/\/bhnc.izj.unsa.ba\/"},{"@type":"ListItem","position":2,"name":"Prijava gre\u0161aka"}]},{"@type":"WebSite","@id":"https:\/\/bhnc.izj.unsa.ba\/#website","url":"https:\/\/bhnc.izj.unsa.ba\/","name":"Bosnian-Herzegovinian National Corpus","description":"BHNC","publisher":{"@id":"https:\/\/bhnc.izj.unsa.ba\/#organization"},"potentialAction":[{"@type":"SearchAction","target":{"@type":"EntryPoint","urlTemplate":"https:\/\/bhnc.izj.unsa.ba\/?s={search_term_string}"},"query-input":{"@type":"PropertyValueSpecification","valueRequired":true,"valueName":"search_term_string"}}],"inLanguage":"en-GB"},{"@type":"Organization","@id":"https:\/\/bhnc.izj.unsa.ba\/#organization","name":"Bosnian-Herzegovinian National Corpus","url":"https:\/\/bhnc.izj.unsa.ba\/","logo":{"@type":"ImageObject","inLanguage":"en-GB","@id":"https:\/\/bhnc.izj.unsa.ba\/#\/schema\/logo\/image\/","url":"https:\/\/bhnc.izj.unsa.ba\/wp-content\/uploads\/2024\/12\/cropped-BHNC_Logo_with_text.png","contentUrl":"https:\/\/bhnc.izj.unsa.ba\/wp-content\/uploads\/2024\/12\/cropped-BHNC_Logo_with_text.png","width":1576,"height":512,"caption":"Bosanskohercegova\u010dki nacionalni korpus"},"image":{"@id":"https:\/\/bhnc.izj.unsa.ba\/#\/schema\/logo\/image\/"}}]}},"rttpg_featured_image_url":null,"rttpg_author":{"display_name":"lamija","author_link":"https:\/\/bhnc.izj.unsa.ba\/en\/author\/lamija\/"},"rttpg_comment":0,"rttpg_category":null,"rttpg_excerpt":"Please enable JavaScript in your browser to complete this form.Please enable JavaScript in your browser to complete this form. Ime i Prezime * FirstLast Email *Novine *DatumStranicaRe\u010denica u kojoj se gre\u0161ka nalaziMolimo Vas da unesete re\u010denicu u kojoj se nalazi gre\u0161ka koju ste identificirali.Opis gre\u0161ke * Po\u0161alji","_links":{"self":[{"href":"https:\/\/bhnc.izj.unsa.ba\/en\/wp-json\/wp\/v2\/pages\/1188","targetHints":{"allow":["GET"]}}],"collection":[{"href":"https:\/\/bhnc.izj.unsa.ba\/en\/wp-json\/wp\/v2\/pages"}],"about":[{"href":"https:\/\/bhnc.izj.unsa.ba\/en\/wp-json\/wp\/v2\/types\/page"}],"author":[{"embeddable":true,"href":"https:\/\/bhnc.izj.unsa.ba\/en\/wp-json\/wp\/v2\/users\/3"}],"replies":[{"embeddable":true,"href":"https:\/\/bhnc.izj.unsa.ba\/en\/wp-json\/wp\/v2\/comments?post=1188"}],"version-history":[{"count":10,"href":"https:\/\/bhnc.izj.unsa.ba\/en\/wp-json\/wp\/v2\/pages\/1188\/revisions"}],"predecessor-version":[{"id":1207,"href":"https:\/\/bhnc.izj.unsa.ba\/en\/wp-json\/wp\/v2\/pages\/1188\/revisions\/1207"}],"wp:attachment":[{"href":"https:\/\/bhnc.izj.unsa.ba\/en\/wp-json\/wp\/v2\/media?parent=1188"}],"curies":[{"name":"wp","href":"https:\/\/api.w.org\/{rel}","templated":true}]}}